{"id":2,"date":"2010-11-18T22:22:28","date_gmt":"2010-11-18T22:22:28","guid":{"rendered":"http:\/\/www.comevedonoidaltonici.com\/wordpress\/?page_id=2"},"modified":"2020-05-14T17:16:34","modified_gmt":"2020-05-14T16:16:34","slug":"info","status":"publish","type":"page","link":"https:\/\/www.olinews.it\/mt\/?page_id=2","title":{"rendered":"Info"},"content":{"rendered":"<p class=\"separator\" data-blogger-escaped-style=\"clear: both; text-align: justify;\"><span style=\"color: #cc0000;\" data-blogger-escaped-style=\"color: #cc0000;\"><span style=\"color: #000000;\" data-blogger-escaped-style=\"color: black;\">L\u2019<\/span><b>Osservatorio Ligure sull&#8217;Informazione<\/b><\/span>\u00a0\u00e8 nato nel 2003 per contrastare l\u2019omologazione del sistema informativo, la riduzione progressiva delle voci di dissenso, il conformismo degli operatori di giornali, radio e tv. L\u2019osservatorio d\u00e0 visibilit\u00e0 e voce ad aspetti della realt\u00e0 locale che non trovano spazio nel sistema informativo, segnala gli episodi di distorsione e occultamento delle notizie, di mancanza di contraddittorio e di trasparenza, di uso privato degli organi di informazione, di omert\u00e0 e servilismo nei confronti di gruppi o esponenti del mondo politico o economico.\u00a0<span style=\"color: #cc0000;\" data-blogger-escaped-style=\"color: #cc0000;\"><b>OLI<\/b><\/span> \u00e8 interessata e aperta alla collaborazione di chiunque ne condivida il programma.<\/p>\n<p><span style=\"color: #cc0000;\" data-blogger-escaped-style=\"color: #cc0000;\"><b>Redazione<\/b><\/span>: Ferdinando Bonora, Stefano De Pietro, Maria Di Pietro, Eleana Marullo, Arianna Musso, Giovanna Profumo, Bianca Vergati, Saleh Zaghloul.<\/p>\n","protected":false},"excerpt":{"rendered":"<p>L\u2019Osservatorio Ligure sull&#8217;Informazione\u00a0\u00e8 nato nel 2003 per contrastare l\u2019omologazione del sistema informativo, la riduzione progressiva delle voci di dissenso, il conformismo degli operatori di giornali, radio e tv. L\u2019osservatorio d\u00e0 visibilit\u00e0 e voce ad aspetti della realt\u00e0 locale che non trovano spazio nel sistema informativo, segnala gli episodi di distorsione e occultamento delle notizie, di [&hellip;]<\/p>\n","protected":false},"author":1,"featured_media":0,"parent":0,"menu_order":0,"comment_status":"closed","ping_status":"open","template":"","meta":{"footnotes":""},"class_list":["post-2","page","type-page","status-publish","hentry"],"_links":{"self":[{"href":"https:\/\/www.olinews.it\/mt\/index.php?rest_route=\/wp\/v2\/pages\/2","targetHints":{"allow":["GET"]}}],"collection":[{"href":"https:\/\/www.olinews.it\/mt\/index.php?rest_route=\/wp\/v2\/pages"}],"about":[{"href":"https:\/\/www.olinews.it\/mt\/index.php?rest_route=\/wp\/v2\/types\/page"}],"author":[{"embeddable":true,"href":"https:\/\/www.olinews.it\/mt\/index.php?rest_route=\/wp\/v2\/users\/1"}],"replies":[{"embeddable":true,"href":"https:\/\/www.olinews.it\/mt\/index.php?rest_route=%2Fwp%2Fv2%2Fcomments&post=2"}],"version-history":[{"count":3,"href":"https:\/\/www.olinews.it\/mt\/index.php?rest_route=\/wp\/v2\/pages\/2\/revisions"}],"predecessor-version":[{"id":5865,"href":"https:\/\/www.olinews.it\/mt\/index.php?rest_route=\/wp\/v2\/pages\/2\/revisions\/5865"}],"wp:attachment":[{"href":"https:\/\/www.olinews.it\/mt\/index.php?rest_route=%2Fwp%2Fv2%2Fmedia&parent=2"}],"curies":[{"name":"wp","href":"https:\/\/api.w.org\/{rel}","templated":true}]}}